{"id":28900,"date":"2018-10-23T17:06:06","date_gmt":"2018-10-23T16:06:06","guid":{"rendered":"https:\/\/prosafedz.com\/?post_type=product&#038;p=28900"},"modified":"2023-06-04T14:40:47","modified_gmt":"2023-06-04T12:40:47","slug":"veste-pantalon-paddock-8padv-8padp","status":"publish","type":"product","link":"https:\/\/prosafedz.com\/fr\/produit\/veste-pantalon-paddock-8padv-8padp\/","title":{"rendered":"PADDOCK Veste de travail PolyCoton R\u00e9f 8PADV"},"content":{"rendered":"<p><strong>LES + :<\/strong><\/p>\n<p><strong>&#8211; L\u2019incontournable.<\/strong><br \/>\n<strong>&#8211; S&rsquo;adapte \u00e0 toutes les situations.<\/strong><br \/>\n<strong>&#8211; Fonctionnel.<\/strong><\/p>\n<p><strong>CONDITIONNEMENT DE VENTE<br \/>\n&#8211;<\/strong> 10 pi\u00e8ces dans 1 carton<br \/>\n<strong>NORME(S)<\/strong><br \/>\nCet \u00e9quipement est conforme \u00e0 la norme : <strong>EN ISO 13688:2013<\/strong><\/p>\n","protected":false},"excerpt":{"rendered":"<p><b>&#8211; Mat\u00e9riaux : 60% Coton, 40% Polyester.<br \/>\n&#8211; Col : Mandarin avec bandes agrippantes.<br \/>\n&#8211; Fermeture : A glissi\u00e8re avec rabat.<br \/>\n&#8211; Manches : Poignets ajustables par bandes agrippantes.<br \/>\n&#8211; Coutures : Doubles avec points de renfort.<br \/>\n&#8211; Poches : 2 poches \u00e0 glissi\u00e8re sur le devant, 1 poche t\u00e9l\u00e9phone, 2 portes-stylo, 1 poche poitrine, 1 anneau porte-cl\u00e9s, 2 poches basses double avec bandes agrippantes, 1 poche \u00e0 glissi\u00e8re \u00e0 l\u2019arri\u00e8re.<\/b><\/p>\n<p><a href=\"http:\/\/prosafedz.com\/fr\/wp-content\/uploads\/2021\/09\/05-8PADV.pdf\" target=\"_blank\" rel=\"noopener noreferrer\"><button style=\"background-color: #90a96b; font-seize: 20px;\"><strong>T\u00e9l\u00e9charger La Fiche Technique<\/strong><\/button><\/a><\/p>\n","protected":false},"featured_media":34563,"template":"","meta":[],"product_brand":[],"product_cat":[17],"product_tag":[1340],"class_list":{"0":"post-28900","1":"product","2":"type-product","3":"status-publish","4":"has-post-thumbnail","6":"product_cat-6-1-vestes-de-travail","7":"product_tag-paddock-polycoton-ref-8padv","8":"yith_product_brand-coverguard","9":"yith_product_brand-coverguard-workwear","11":"first","12":"instock","13":"shipping-taxable","14":"product-type-simple"},"_links":{"self":[{"href":"https:\/\/prosafedz.com\/fr\/wp-json\/wp\/v2\/product\/28900","targetHints":{"allow":["GET"]}}],"collection":[{"href":"https:\/\/prosafedz.com\/fr\/wp-json\/wp\/v2\/product"}],"about":[{"href":"https:\/\/prosafedz.com\/fr\/wp-json\/wp\/v2\/types\/product"}],"wp:featuredmedia":[{"embeddable":true,"href":"https:\/\/prosafedz.com\/fr\/wp-json\/wp\/v2\/media\/34563"}],"wp:attachment":[{"href":"https:\/\/prosafedz.com\/fr\/wp-json\/wp\/v2\/media?parent=28900"}],"wp:term":[{"taxonomy":"product_brand","embeddable":true,"href":"https:\/\/prosafedz.com\/fr\/wp-json\/wp\/v2\/product_brand?post=28900"},{"taxonomy":"product_cat","embeddable":true,"href":"https:\/\/prosafedz.com\/fr\/wp-json\/wp\/v2\/product_cat?post=28900"},{"taxonomy":"product_tag","embeddable":true,"href":"https:\/\/prosafedz.com\/fr\/wp-json\/wp\/v2\/product_tag?post=28900"}],"curies":[{"name":"wp","href":"https:\/\/api.w.org\/{rel}","templated":true}]}}