{"id":31504,"date":"2019-01-19T13:50:10","date_gmt":"2019-01-19T12:50:10","guid":{"rendered":"http:\/\/prosafedz.com\/fr\/?page_id=31504"},"modified":"2026-04-30T14:40:33","modified_gmt":"2026-04-30T12:40:33","slug":"prosafe","status":"publish","type":"page","link":"https:\/\/prosafedz.com\/fr\/prosafe\/","title":{"rendered":"PROSAFE"},"content":{"rendered":"\t<section class=\"section\" id=\"section_1118808579\">\n\t\t<div class=\"bg section-bg fill bg-fill  bg-loaded\" >\n\n\t\t\t\n\t\t\t\n\t\t\t\n\n\t\t<\/div>\n\n\t\t\n\n\t\t<div class=\"section-content relative\">\n\t\t\t\n<div class=\"row\"  id=\"row-192249450\">\n\n\t<div id=\"col-1935144875\" class=\"col small-12 large-12\"  >\n\t\t\t\t<div class=\"col-inner\"  >\n\t\t\t\n\t\t\t\n<h2>Offre promotionnelle vacances d&rsquo;\u00e9t\u00e9 2026.<\/h2>\n<h2 style=\"text-align: left;\">Qui sommes &#8211; nous ?<\/h2>\n<h5 style=\"font-weight: 400; text-align: left;\"><strong><span style=\"color: #282828;\">PROSAFE est une soci\u00e9t\u00e9 Alg\u00e9rienne sp\u00e9cialis\u00e9e dans l&rsquo;Importation et la Distribution des Equipements de Protection Individuelle (EPI) et qui offre une large gamme de produits destin\u00e9s aux secteurs du B\u00e2timent, Travaux Publics, Industrie, Oil &amp; Gas, Agro-alimentaire, Param\u00e9dical et autres.<\/span><\/strong><\/h5>\n<h5 style=\"font-weight: 400; text-align: left;\"><strong><span style=\"color: #282828;\">Prot\u00e9ger les \u00e9quipes au travail est une obligation en Alg\u00e9rie. Les \u00e9quipements de protection individuelle diminuent fortement le risque d&rsquo;accident et augmentent le confort. Le terme EPI regroupe les \u00e9quipements de protection pour la t\u00eate, les mains, les yeux, le corps, les oreilles et les voies respiratoires.<\/span><\/strong><\/h5>\n<h5 style=\"font-weight: 400; text-align: left;\"><strong><span style=\"color: #282828;\">D\u00e8s lors que vos op\u00e9rateurs travaillent dans un lieu \u00e0 risque ou en contact avec des \u00e9l\u00e9ments dangereux, ils doivent \u00eatre munis de protection ad\u00e9quate. C&rsquo;est pourquoi, PROSAFE vous propose une large gamme d&rsquo;EPI tels que les casques, v\u00eatements de protection, gants, bouchons d&rsquo;oreilles, lunettes, masques \u00e0 filtres et harnais de s\u00e9curit\u00e9&#8230; etc.<\/span><\/strong><\/h5>\n<h5 style=\"font-weight: 400; text-align: left;\"><strong><span style=\"color: #282828;\">Besoin de conseils ou de solutions, contactez-nous, nos \u00e9quipes Commerciales et Techniques vous accompagnent pour tous vos besoins et vous pr\u00e9conisent les solutions les plus adapt\u00e9es \u00e0 votre environnement de travail.<\/span><\/strong><\/h5>\n\t\t<\/div>\n\t\t\t\t\t<\/div>\n\n\t\n<\/div>\n<div class=\"row row-small row-full-width align-middle\"  id=\"row-976514928\">\n\n\t<div id=\"col-519295233\" class=\"col medium-6 small-12 large-6\"  >\n\t\t\t\t<div class=\"col-inner\"  >\n\t\t\t\n\t\t\t\n<div class=\"video video-fit mb\" style=\"padding-top:56.25%;\"><p><iframe loading=\"lazy\" title=\"Pr\u00e9sentation Prosafe\" width=\"1020\" height=\"574\" src=\"https:\/\/www.youtube.com\/embed\/YQsA0aMbZlI?feature=oembed\" frameborder=\"0\" allow=\"accelerometer; autoplay; clipboard-write; encrypted-media; gyroscope; picture-in-picture; web-share\" allowfullscreen><\/iframe><\/p>\n<\/div>\n\t\t<\/div>\n\t\t\t\t\t<\/div>\n\n\t\n\n\t<div id=\"col-1956038868\" class=\"col medium-4 small-12 large-4\"  >\n\t\t\t\t<div class=\"col-inner\"  >\n\t\t\t\n\t\t\t\n<p><iframe loading=\"lazy\" src=\"https:\/\/www.google.com\/maps\/embed?pb=!1m14!1m8!1m3!1d12799.411933488527!2d3.3643987!3d36.6780357!3m2!1i1024!2i768!4f13.1!3m3!1m2!1s0x0%3A0x729e3ba62726a480!2sPROSAFE%20SARL!5e0!3m2!1sfr!2sdz!4v1574523789049!5m2!1sfr!2sdz\" width=\"1000\" height=\"450\" frameborder=\"0\" style=\"border:0;\" allowfullscreen=\"\"><\/iframe><\/p>\n\t\t<\/div>\n\t\t\t\t\t<\/div>\n\n\t\n\n<style>\n#row-976514928 > .col > .col-inner {\n  background-color: rgb(255,255,255);\n}\n<\/style>\n<\/div>\n\t\t<\/div>\n\n\t\t\n<style>\n#section_1118808579 {\n  padding-top: 0px;\n  padding-bottom: 0px;\n}\n#section_1118808579 .ux-shape-divider--top svg {\n  height: 150px;\n  --divider-top-width: 100%;\n}\n#section_1118808579 .ux-shape-divider--bottom svg {\n  height: 150px;\n  --divider-width: 100%;\n}\n<\/style>\n\t<\/section>\n\t\n\t<section class=\"section\" id=\"section_984027081\">\n\t\t<div class=\"bg section-bg fill bg-fill  bg-loaded\" >\n\n\t\t\t\n\t\t\t\n\t\t\t\n\n\t\t<\/div>\n\n\t\t\n\n\t\t<div class=\"section-content relative\">\n\t\t\t\n<div class=\"container section-title-container\" ><h3 class=\"section-title section-title-center\"><b><\/b><span class=\"section-title-main\" ><i class=\"icon-angle-down\" ><\/i>Des gammes vari\u00e9es pour tous les m\u00e9tiers<\/span><b><\/b><\/h3><\/div>\n\n  \n    <div class=\"row large-columns-8 medium-columns-3 small-columns-2 row-xsmall row-full-width slider row-slider slider-nav-reveal\"  data-flickity-options='{\"imagesLoaded\": true, \"groupCells\": \"100%\", \"dragThreshold\" : 5, \"cellAlign\": \"left\",\"wrapAround\": true,\"prevNextButtons\": true,\"percentPosition\": true,\"pageDots\": false, \"rightToLeft\": false, \"autoPlay\" : 4000}'>\n\n  <div class=\"gallery-col col\" data-animate=\"flipInY\">\n          <div class=\"col-inner\">\n                        <div class=\"box has-hover gallery-box box-none\">\n              <div class=\"box-image\" >\n                <img loading=\"lazy\" decoding=\"async\" width=\"300\" height=\"300\" src=\"https:\/\/prosafedz.com\/fr\/wp-content\/uploads\/2019\/03\/auditive-2-300x300.jpg\" class=\"attachment-medium size-medium\" alt=\"\" ids=\"32832,32833,32834,32835,32836,32837,32838,32839,32840\" style=\"none\" lightbox=\"false\" type=\"slider\" col_spacing=\"xsmall\" columns=\"8\" animate=\"flipInY\" auto_slide=\"4000\" text_align=\"center\" text_hover=\"fade-out\" text_bg=\"rgb(124, 117, 117)\" text_color=\"dark\" srcset=\"https:\/\/prosafedz.com\/fr\/wp-content\/uploads\/2019\/03\/auditive-2-300x299.jpg 300w, https:\/\/prosafedz.com\/fr\/wp-content\/uploads\/2019\/03\/auditive-2-150x150.jpg 150w, https:\/\/prosafedz.com\/fr\/wp-content\/uploads\/2019\/03\/auditive-2-30x30.jpg 30w, https:\/\/prosafedz.com\/fr\/wp-content\/uploads\/2019\/03\/auditive-2-100x100.jpg 100w, https:\/\/prosafedz.com\/fr\/wp-content\/uploads\/2019\/03\/auditive-2.jpg 500w\" sizes=\"auto, (max-width: 300px) 100vw, 300px\" \/>                                                              <\/div>\n              <div class=\"box-text show-on-hover hover-fade-out text-center dark\" style=\"background-color:rgb(124, 117, 117);\">\n                 <p>Protection auditive<\/p>\n              <\/div>\n            <\/div>\n                      <\/div>\n         <\/div><div class=\"gallery-col col\" data-animate=\"flipInY\">\n          <div class=\"col-inner\">\n                        <div class=\"box has-hover gallery-box box-none\">\n              <div class=\"box-image\" >\n                <img loading=\"lazy\" decoding=\"async\" width=\"300\" height=\"300\" src=\"https:\/\/prosafedz.com\/fr\/wp-content\/uploads\/2019\/03\/mains-1-300x300.jpg\" class=\"attachment-medium size-medium\" alt=\"\" ids=\"32832,32833,32834,32835,32836,32837,32838,32839,32840\" style=\"none\" lightbox=\"false\" type=\"slider\" col_spacing=\"xsmall\" columns=\"8\" animate=\"flipInY\" auto_slide=\"4000\" text_align=\"center\" text_hover=\"fade-out\" text_bg=\"rgb(124, 117, 117)\" text_color=\"dark\" srcset=\"https:\/\/prosafedz.com\/fr\/wp-content\/uploads\/2019\/03\/mains-1-300x299.jpg 300w, https:\/\/prosafedz.com\/fr\/wp-content\/uploads\/2019\/03\/mains-1-150x150.jpg 150w, https:\/\/prosafedz.com\/fr\/wp-content\/uploads\/2019\/03\/mains-1-30x30.jpg 30w, https:\/\/prosafedz.com\/fr\/wp-content\/uploads\/2019\/03\/mains-1-100x100.jpg 100w, https:\/\/prosafedz.com\/fr\/wp-content\/uploads\/2019\/03\/mains-1.jpg 500w\" sizes=\"auto, (max-width: 300px) 100vw, 300px\" \/>                                                              <\/div>\n              <div class=\"box-text show-on-hover hover-fade-out text-center dark\" style=\"background-color:rgb(124, 117, 117);\">\n                 <p>Protection des mains<\/p>\n              <\/div>\n            <\/div>\n                      <\/div>\n         <\/div><div class=\"gallery-col col\" data-animate=\"flipInY\">\n          <div class=\"col-inner\">\n                        <div class=\"box has-hover gallery-box box-none\">\n              <div class=\"box-image\" >\n                <img loading=\"lazy\" decoding=\"async\" width=\"300\" height=\"300\" src=\"https:\/\/prosafedz.com\/fr\/wp-content\/uploads\/2019\/03\/pieds-1-300x300.jpg\" class=\"attachment-medium size-medium\" alt=\"\" ids=\"32832,32833,32834,32835,32836,32837,32838,32839,32840\" style=\"none\" lightbox=\"false\" type=\"slider\" col_spacing=\"xsmall\" columns=\"8\" animate=\"flipInY\" auto_slide=\"4000\" text_align=\"center\" text_hover=\"fade-out\" text_bg=\"rgb(124, 117, 117)\" text_color=\"dark\" srcset=\"https:\/\/prosafedz.com\/fr\/wp-content\/uploads\/2019\/03\/pieds-1-300x299.jpg 300w, https:\/\/prosafedz.com\/fr\/wp-content\/uploads\/2019\/03\/pieds-1-150x150.jpg 150w, https:\/\/prosafedz.com\/fr\/wp-content\/uploads\/2019\/03\/pieds-1-30x30.jpg 30w, https:\/\/prosafedz.com\/fr\/wp-content\/uploads\/2019\/03\/pieds-1-100x100.jpg 100w, https:\/\/prosafedz.com\/fr\/wp-content\/uploads\/2019\/03\/pieds-1.jpg 500w\" sizes=\"auto, (max-width: 300px) 100vw, 300px\" \/>                                                              <\/div>\n              <div class=\"box-text show-on-hover hover-fade-out text-center dark\" style=\"background-color:rgb(124, 117, 117);\">\n                 <p>Protection des pieds<\/p>\n              <\/div>\n            <\/div>\n                      <\/div>\n         <\/div><div class=\"gallery-col col\" data-animate=\"flipInY\">\n          <div class=\"col-inner\">\n                        <div class=\"box has-hover gallery-box box-none\">\n              <div class=\"box-image\" >\n                <img loading=\"lazy\" decoding=\"async\" width=\"300\" height=\"300\" src=\"https:\/\/prosafedz.com\/fr\/wp-content\/uploads\/2019\/03\/signalisation-1-300x300.jpg\" class=\"attachment-medium size-medium\" alt=\"\" ids=\"32832,32833,32834,32835,32836,32837,32838,32839,32840\" style=\"none\" lightbox=\"false\" type=\"slider\" col_spacing=\"xsmall\" columns=\"8\" animate=\"flipInY\" auto_slide=\"4000\" text_align=\"center\" text_hover=\"fade-out\" text_bg=\"rgb(124, 117, 117)\" text_color=\"dark\" srcset=\"https:\/\/prosafedz.com\/fr\/wp-content\/uploads\/2019\/03\/signalisation-1-300x299.jpg 300w, https:\/\/prosafedz.com\/fr\/wp-content\/uploads\/2019\/03\/signalisation-1-150x150.jpg 150w, https:\/\/prosafedz.com\/fr\/wp-content\/uploads\/2019\/03\/signalisation-1-30x30.jpg 30w, https:\/\/prosafedz.com\/fr\/wp-content\/uploads\/2019\/03\/signalisation-1-100x100.jpg 100w, https:\/\/prosafedz.com\/fr\/wp-content\/uploads\/2019\/03\/signalisation-1.jpg 500w\" sizes=\"auto, (max-width: 300px) 100vw, 300px\" \/>                                                              <\/div>\n              <div class=\"box-text show-on-hover hover-fade-out text-center dark\" style=\"background-color:rgb(124, 117, 117);\">\n                 <p>Signalisation<\/p>\n              <\/div>\n            <\/div>\n                      <\/div>\n         <\/div><div class=\"gallery-col col\" data-animate=\"flipInY\">\n          <div class=\"col-inner\">\n                        <div class=\"box has-hover gallery-box box-none\">\n              <div class=\"box-image\" >\n                <img loading=\"lazy\" decoding=\"async\" width=\"300\" height=\"300\" src=\"https:\/\/prosafedz.com\/fr\/wp-content\/uploads\/2019\/03\/tete-1-300x300.jpg\" class=\"attachment-medium size-medium\" alt=\"\" ids=\"32832,32833,32834,32835,32836,32837,32838,32839,32840\" style=\"none\" lightbox=\"false\" type=\"slider\" col_spacing=\"xsmall\" columns=\"8\" animate=\"flipInY\" auto_slide=\"4000\" text_align=\"center\" text_hover=\"fade-out\" text_bg=\"rgb(124, 117, 117)\" text_color=\"dark\" srcset=\"https:\/\/prosafedz.com\/fr\/wp-content\/uploads\/2019\/03\/tete-1-300x299.jpg 300w, https:\/\/prosafedz.com\/fr\/wp-content\/uploads\/2019\/03\/tete-1-150x150.jpg 150w, https:\/\/prosafedz.com\/fr\/wp-content\/uploads\/2019\/03\/tete-1-30x30.jpg 30w, https:\/\/prosafedz.com\/fr\/wp-content\/uploads\/2019\/03\/tete-1-100x100.jpg 100w, https:\/\/prosafedz.com\/fr\/wp-content\/uploads\/2019\/03\/tete-1.jpg 500w\" sizes=\"auto, (max-width: 300px) 100vw, 300px\" \/>                                                              <\/div>\n              <div class=\"box-text show-on-hover hover-fade-out text-center dark\" style=\"background-color:rgb(124, 117, 117);\">\n                 <p>Protection de la t\u00eate<\/p>\n              <\/div>\n            <\/div>\n                      <\/div>\n         <\/div><div class=\"gallery-col col\" data-animate=\"flipInY\">\n          <div class=\"col-inner\">\n                        <div class=\"box has-hover gallery-box box-none\">\n              <div class=\"box-image\" >\n                <img loading=\"lazy\" decoding=\"async\" width=\"300\" height=\"300\" src=\"https:\/\/prosafedz.com\/fr\/wp-content\/uploads\/2019\/03\/vet-travail-1-300x300.jpg\" class=\"attachment-medium size-medium\" alt=\"\" ids=\"32832,32833,32834,32835,32836,32837,32838,32839,32840\" style=\"none\" lightbox=\"false\" type=\"slider\" col_spacing=\"xsmall\" columns=\"8\" animate=\"flipInY\" auto_slide=\"4000\" text_align=\"center\" text_hover=\"fade-out\" text_bg=\"rgb(124, 117, 117)\" text_color=\"dark\" srcset=\"https:\/\/prosafedz.com\/fr\/wp-content\/uploads\/2019\/03\/vet-travail-1-300x299.jpg 300w, https:\/\/prosafedz.com\/fr\/wp-content\/uploads\/2019\/03\/vet-travail-1-150x150.jpg 150w, https:\/\/prosafedz.com\/fr\/wp-content\/uploads\/2019\/03\/vet-travail-1-30x30.jpg 30w, https:\/\/prosafedz.com\/fr\/wp-content\/uploads\/2019\/03\/vet-travail-1-100x100.jpg 100w, https:\/\/prosafedz.com\/fr\/wp-content\/uploads\/2019\/03\/vet-travail-1.jpg 500w\" sizes=\"auto, (max-width: 300px) 100vw, 300px\" \/>                                                              <\/div>\n              <div class=\"box-text show-on-hover hover-fade-out text-center dark\" style=\"background-color:rgb(124, 117, 117);\">\n                 <p>V\u00eatement de travail<\/p>\n              <\/div>\n            <\/div>\n                      <\/div>\n         <\/div><div class=\"gallery-col col\" data-animate=\"flipInY\">\n          <div class=\"col-inner\">\n                        <div class=\"box has-hover gallery-box box-none\">\n              <div class=\"box-image\" >\n                <img loading=\"lazy\" decoding=\"async\" width=\"300\" height=\"300\" src=\"https:\/\/prosafedz.com\/fr\/wp-content\/uploads\/2019\/03\/voies-respiratoire-1-300x300.jpg\" class=\"attachment-medium size-medium\" alt=\"\" ids=\"32832,32833,32834,32835,32836,32837,32838,32839,32840\" style=\"none\" lightbox=\"false\" type=\"slider\" col_spacing=\"xsmall\" columns=\"8\" animate=\"flipInY\" auto_slide=\"4000\" text_align=\"center\" text_hover=\"fade-out\" text_bg=\"rgb(124, 117, 117)\" text_color=\"dark\" srcset=\"https:\/\/prosafedz.com\/fr\/wp-content\/uploads\/2019\/03\/voies-respiratoire-1-300x299.jpg 300w, https:\/\/prosafedz.com\/fr\/wp-content\/uploads\/2019\/03\/voies-respiratoire-1-150x150.jpg 150w, https:\/\/prosafedz.com\/fr\/wp-content\/uploads\/2019\/03\/voies-respiratoire-1-30x30.jpg 30w, https:\/\/prosafedz.com\/fr\/wp-content\/uploads\/2019\/03\/voies-respiratoire-1-100x100.jpg 100w, https:\/\/prosafedz.com\/fr\/wp-content\/uploads\/2019\/03\/voies-respiratoire-1.jpg 500w\" sizes=\"auto, (max-width: 300px) 100vw, 300px\" \/>                                                              <\/div>\n              <div class=\"box-text show-on-hover hover-fade-out text-center dark\" style=\"background-color:rgb(124, 117, 117);\">\n                 <p>Protection voies respiratoires<\/p>\n              <\/div>\n            <\/div>\n                      <\/div>\n         <\/div><div class=\"gallery-col col\" data-animate=\"flipInY\">\n          <div class=\"col-inner\">\n                        <div class=\"box has-hover gallery-box box-none\">\n              <div class=\"box-image\" >\n                <img loading=\"lazy\" decoding=\"async\" width=\"300\" height=\"300\" src=\"https:\/\/prosafedz.com\/fr\/wp-content\/uploads\/2019\/03\/yeux-1-300x300.jpg\" class=\"attachment-medium size-medium\" alt=\"\" ids=\"32832,32833,32834,32835,32836,32837,32838,32839,32840\" style=\"none\" lightbox=\"false\" type=\"slider\" col_spacing=\"xsmall\" columns=\"8\" animate=\"flipInY\" auto_slide=\"4000\" text_align=\"center\" text_hover=\"fade-out\" text_bg=\"rgb(124, 117, 117)\" text_color=\"dark\" srcset=\"https:\/\/prosafedz.com\/fr\/wp-content\/uploads\/2019\/03\/yeux-1-300x299.jpg 300w, https:\/\/prosafedz.com\/fr\/wp-content\/uploads\/2019\/03\/yeux-1-150x150.jpg 150w, https:\/\/prosafedz.com\/fr\/wp-content\/uploads\/2019\/03\/yeux-1-30x30.jpg 30w, https:\/\/prosafedz.com\/fr\/wp-content\/uploads\/2019\/03\/yeux-1-100x100.jpg 100w, https:\/\/prosafedz.com\/fr\/wp-content\/uploads\/2019\/03\/yeux-1.jpg 500w\" sizes=\"auto, (max-width: 300px) 100vw, 300px\" \/>                                                              <\/div>\n              <div class=\"box-text show-on-hover hover-fade-out text-center dark\" style=\"background-color:rgb(124, 117, 117);\">\n                 <p>Protection des yeux<\/p>\n              <\/div>\n            <\/div>\n                      <\/div>\n         <\/div><div class=\"gallery-col col\" data-animate=\"flipInY\">\n          <div class=\"col-inner\">\n                        <div class=\"box has-hover gallery-box box-none\">\n              <div class=\"box-image\" >\n                <img loading=\"lazy\" decoding=\"async\" width=\"300\" height=\"300\" src=\"https:\/\/prosafedz.com\/fr\/wp-content\/uploads\/2019\/03\/antichute-1-300x300.jpg\" class=\"attachment-medium size-medium\" alt=\"\" ids=\"32832,32833,32834,32835,32836,32837,32838,32839,32840\" style=\"none\" lightbox=\"false\" type=\"slider\" col_spacing=\"xsmall\" columns=\"8\" animate=\"flipInY\" auto_slide=\"4000\" text_align=\"center\" text_hover=\"fade-out\" text_bg=\"rgb(124, 117, 117)\" text_color=\"dark\" srcset=\"https:\/\/prosafedz.com\/fr\/wp-content\/uploads\/2019\/03\/antichute-1-300x299.jpg 300w, https:\/\/prosafedz.com\/fr\/wp-content\/uploads\/2019\/03\/antichute-1-150x150.jpg 150w, https:\/\/prosafedz.com\/fr\/wp-content\/uploads\/2019\/03\/antichute-1-30x30.jpg 30w, https:\/\/prosafedz.com\/fr\/wp-content\/uploads\/2019\/03\/antichute-1-100x100.jpg 100w, https:\/\/prosafedz.com\/fr\/wp-content\/uploads\/2019\/03\/antichute-1.jpg 500w\" sizes=\"auto, (max-width: 300px) 100vw, 300px\" \/>                                                              <\/div>\n              <div class=\"box-text show-on-hover hover-fade-out text-center dark\" style=\"background-color:rgb(124, 117, 117);\">\n                 <p>Anti chute<\/p>\n              <\/div>\n            <\/div>\n                      <\/div>\n         <\/div><\/div>\n\t\t<\/div>\n\n\t\t\n<style>\n#section_984027081 {\n  padding-top: 0px;\n  padding-bottom: 0px;\n  background-color: rgb(255, 255, 255);\n}\n#section_984027081 .ux-shape-divider--top svg {\n  height: 150px;\n  --divider-top-width: 100%;\n}\n#section_984027081 .ux-shape-divider--bottom svg {\n  height: 150px;\n  --divider-width: 100%;\n}\n<\/style>\n\t<\/section>\n\t\n\t<section class=\"section\" id=\"section_1866829089\">\n\t\t<div class=\"bg section-bg fill bg-fill  \" >\n\n\t\t\t\n\t\t\t\n\t\t\t\n\n\t\t<\/div>\n\n\t\t\n\n\t\t<div class=\"section-content relative\">\n\t\t\t\n<div class=\"container section-title-container\" ><h3 class=\"section-title section-title-center\"><b><\/b><span class=\"section-title-main\" style=\"color:rgb(255, 255, 255);\"><i class=\"icon-angle-down\" ><\/i>Nos marques<\/span><b><\/b><\/h3><\/div>\n<div class=\"row row-full-width align-middle align-center row-box-shadow-3 row-box-shadow-3-hover\"  id=\"row-1252312271\">\n\n\t<div id=\"col-1108748416\" class=\"col medium-3 small-6 large-3\"  >\n\t\t\t\t<div class=\"col-inner text-center\"  >\n\t\t\t\n\t\t\t\n\t\t<\/div>\n\t\t\t\t\t<\/div>\n\n\t\n\n\t<div id=\"col-1877960323\" class=\"col medium-3 small-6 large-3\"  >\n\t\t\t\t<div class=\"col-inner text-center\"  >\n\t\t\t\n\t\t\t\n\t<div class=\"img has-hover x md-x lg-x y md-y lg-y\" id=\"image_100808698\">\n\t\t<a class=\"image-lightbox lightbox-gallery\" title=\"\" href=\"https:\/\/prosafedz.com\/fr\/wp-content\/uploads\/2022\/06\/Coverguard-brand.png\">\t\t\t\t<div data-animate=\"fadeInUp\">\t\t<div class=\"img-inner image-zoom dark\" >\n\t\t\t<img loading=\"lazy\" decoding=\"async\" width=\"300\" height=\"300\" src=\"https:\/\/prosafedz.com\/fr\/wp-content\/uploads\/2022\/06\/Coverguard-brand.png\" class=\"attachment-large size-large\" alt=\"\" srcset=\"https:\/\/prosafedz.com\/fr\/wp-content\/uploads\/2022\/06\/Coverguard-brand.png 300w, https:\/\/prosafedz.com\/fr\/wp-content\/uploads\/2022\/06\/Coverguard-brand-150x150.png 150w, https:\/\/prosafedz.com\/fr\/wp-content\/uploads\/2022\/06\/Coverguard-brand-30x30.png 30w, https:\/\/prosafedz.com\/fr\/wp-content\/uploads\/2022\/06\/Coverguard-brand-100x100.png 100w\" sizes=\"auto, (max-width: 300px) 100vw, 300px\" \/>\t\t\t\t\t\t\n\t\t\t\t\t<\/div>\n\t\t<\/div>\t\t\t\t<\/a>\t\t\n<style>\n#image_100808698 {\n  width: 50%;\n}\n<\/style>\n\t<\/div>\n\t\n\t\t<\/div>\n\t\t\t\t\t<\/div>\n\n\t\n\n\t<div id=\"col-312430549\" class=\"col medium-3 small-6 large-3\"  >\n\t\t\t\t<div class=\"col-inner text-center\"  >\n\t\t\t\n\t\t\t\n\t<div class=\"img has-hover x md-x lg-x y md-y lg-y\" id=\"image_284267101\">\n\t\t<a class=\"image-lightbox lightbox-gallery\" title=\"\" href=\"https:\/\/prosafedz.com\/fr\/wp-content\/uploads\/2022\/06\/europrotection-brand.png\">\t\t\t\t<div data-animate=\"fadeInUp\">\t\t<div class=\"img-inner image-zoom dark\" >\n\t\t\t<img loading=\"lazy\" decoding=\"async\" width=\"300\" height=\"300\" src=\"https:\/\/prosafedz.com\/fr\/wp-content\/uploads\/2022\/06\/europrotection-brand.png\" class=\"attachment-large size-large\" alt=\"\" srcset=\"https:\/\/prosafedz.com\/fr\/wp-content\/uploads\/2022\/06\/europrotection-brand.png 300w, https:\/\/prosafedz.com\/fr\/wp-content\/uploads\/2022\/06\/europrotection-brand-150x150.png 150w, https:\/\/prosafedz.com\/fr\/wp-content\/uploads\/2022\/06\/europrotection-brand-30x30.png 30w, https:\/\/prosafedz.com\/fr\/wp-content\/uploads\/2022\/06\/europrotection-brand-100x100.png 100w\" sizes=\"auto, (max-width: 300px) 100vw, 300px\" \/>\t\t\t\t\t\t\n\t\t\t\t\t<\/div>\n\t\t<\/div>\t\t\t\t<\/a>\t\t\n<style>\n#image_284267101 {\n  width: 50%;\n}\n<\/style>\n\t<\/div>\n\t\n\t\t<\/div>\n\t\t\t\t\t<\/div>\n\n\t\n\n\t<div id=\"col-2041040274\" class=\"col medium-3 small-6 large-3\"  >\n\t\t\t\t<div class=\"col-inner text-center\"  >\n\t\t\t\n\t\t\t\n\t\t<\/div>\n\t\t\t\t\t<\/div>\n\n\t\n<\/div>\n<div class=\"row row-full-width align-middle align-center\"  id=\"row-3955536\">\n\n\t<div id=\"col-1468676839\" class=\"col medium-3 small-6 large-3\"  >\n\t\t\t\t<div class=\"col-inner text-center\"  >\n\t\t\t\n\t\t\t\n\t\t<\/div>\n\t\t\t\t\t<\/div>\n\n\t\n\n\t<div id=\"col-378738462\" class=\"col medium-3 small-6 large-3\"  >\n\t\t\t\t<div class=\"col-inner text-center\"  >\n\t\t\t\n\t\t\t\n\t\t<\/div>\n\t\t\t\t\t<\/div>\n\n\t\n\n\t<div id=\"col-237813991\" class=\"col medium-3 small-6 large-3\"  >\n\t\t\t\t<div class=\"col-inner text-center\"  >\n\t\t\t\n\t\t\t\n\t\t<\/div>\n\t\t\t\t\t<\/div>\n\n\t\n\n\t<div id=\"col-626292354\" class=\"col medium-3 small-6 large-3\"  >\n\t\t\t\t<div class=\"col-inner text-center\"  >\n\t\t\t\n\t\t\t\n\t\t<\/div>\n\t\t\t\t\t<\/div>\n\n\t\n<\/div>\n<div class=\"row row-full-width align-middle align-center\"  id=\"row-2124761148\">\n\n\t<div id=\"col-536989175\" class=\"col medium-3 small-6 large-3\"  >\n\t\t\t\t<div class=\"col-inner text-center\"  >\n\t\t\t\n\t\t\t\n\t\t<\/div>\n\t\t\t\t\t<\/div>\n\n\t\n\n\t<div id=\"col-103569568\" class=\"col medium-3 small-6 large-3\"  >\n\t\t\t\t<div class=\"col-inner text-center\"  >\n\t\t\t\n\t\t\t\n\t\t<\/div>\n\t\t\t\t\t<\/div>\n\n\t\n\n\t<div id=\"col-197660560\" class=\"col medium-3 small-6 large-3\"  >\n\t\t\t\t<div class=\"col-inner text-center\"  >\n\t\t\t\n\t\t\t\n\t\t<\/div>\n\t\t\t\t\t<\/div>\n\n\t\n\n\t<div id=\"col-232481417\" class=\"col medium-3 small-6 large-3\"  >\n\t\t\t\t<div class=\"col-inner text-center\"  >\n\t\t\t\n\t\t\t\n\t\t<\/div>\n\t\t\t\t\t<\/div>\n\n\t\n<\/div>\n<div class=\"row row-full-width align-middle align-center\"  id=\"row-458891582\">\n\n\t<div id=\"col-1563317828\" class=\"col medium-3 small-6 large-3\"  >\n\t\t\t\t<div class=\"col-inner text-center\"  >\n\t\t\t\n\t\t\t\n\t\t<\/div>\n\t\t\t\t\t<\/div>\n\n\t\n\n\t<div id=\"col-845837209\" class=\"col medium-3 small-6 large-3\"  >\n\t\t\t\t<div class=\"col-inner text-center\"  >\n\t\t\t\n\t\t\t\n\t\t<\/div>\n\t\t\t\t\t<\/div>\n\n\t\n\n\t<div id=\"col-2022818471\" class=\"col medium-3 small-6 large-3\"  >\n\t\t\t\t<div class=\"col-inner text-center\"  >\n\t\t\t\n\t\t\t\n\t\t<\/div>\n\t\t\t\t\t<\/div>\n\n\t\n\n\t<div id=\"col-1165680195\" class=\"col medium-3 small-6 large-3\"  >\n\t\t\t\t<div class=\"col-inner text-center\"  >\n\t\t\t\n\t\t\t\n\t\t<\/div>\n\t\t\t\t\t<\/div>\n\n\t\n<\/div>\n\t\t<\/div>\n\n\t\t\n<style>\n#section_1866829089 {\n  padding-top: 30px;\n  padding-bottom: 30px;\n}\n#section_1866829089 .section-bg.bg-loaded {\n  background-image: url(https:\/\/prosafedz.com\/fr\/wp-content\/uploads\/2019\/03\/Sans-titre-1.jpg);\n}\n#section_1866829089 .section-bg {\n  background-position: 0% 87%;\n}\n#section_1866829089 .ux-shape-divider--top svg {\n  height: 150px;\n  --divider-top-width: 100%;\n}\n#section_1866829089 .ux-shape-divider--bottom svg {\n  height: 150px;\n  --divider-width: 100%;\n}\n<\/style>\n\t<\/section>\n\t\n","protected":false},"excerpt":{"rendered":"Offre promotionnelle vacances d'\u00e9t\u00e9 2026. Qui sommes - nous ? PROSAFE est une soci\u00e9t\u00e9 Alg\u00e9rienne sp\u00e9cialis\u00e9e dans l'Importation et la Distribution des Equipements de Protection Individuelle (EPI) et qui offre une large gamme de produits destin\u00e9s aux secteurs du B\u00e2timent, Travaux Publics, Industrie, Oil &amp; Gas, Agro-alimentaire, Param\u00e9dical et autres. Prot\u00e9ger les \u00e9quipes au travail [...]","protected":false},"author":1,"featured_media":0,"parent":0,"menu_order":0,"comment_status":"closed","ping_status":"closed","template":"page-blank.php","meta":{"footnotes":""},"yst_prominent_words":[],"class_list":["post-31504","page","type-page","status-publish","hentry"],"_links":{"self":[{"href":"https:\/\/prosafedz.com\/fr\/wp-json\/wp\/v2\/pages\/31504","targetHints":{"allow":["GET"]}}],"collection":[{"href":"https:\/\/prosafedz.com\/fr\/wp-json\/wp\/v2\/pages"}],"about":[{"href":"https:\/\/prosafedz.com\/fr\/wp-json\/wp\/v2\/types\/page"}],"author":[{"embeddable":true,"href":"https:\/\/prosafedz.com\/fr\/wp-json\/wp\/v2\/users\/1"}],"replies":[{"embeddable":true,"href":"https:\/\/prosafedz.com\/fr\/wp-json\/wp\/v2\/comments?post=31504"}],"version-history":[{"count":111,"href":"https:\/\/prosafedz.com\/fr\/wp-json\/wp\/v2\/pages\/31504\/revisions"}],"predecessor-version":[{"id":35534,"href":"https:\/\/prosafedz.com\/fr\/wp-json\/wp\/v2\/pages\/31504\/revisions\/35534"}],"wp:attachment":[{"href":"https:\/\/prosafedz.com\/fr\/wp-json\/wp\/v2\/media?parent=31504"}],"wp:term":[{"taxonomy":"yst_prominent_words","embeddable":true,"href":"https:\/\/prosafedz.com\/fr\/wp-json\/wp\/v2\/yst_prominent_words?post=31504"}],"curies":[{"name":"wp","href":"https:\/\/api.w.org\/{rel}","templated":true}]}}